{"id":8,"date":"2024-03-19T12:21:16","date_gmt":"2024-03-19T11:21:16","guid":{"rendered":"https:\/\/serwer1748962.home.pl\/autoinstalator\/wordpress11\/?page_id=8"},"modified":"2024-04-18T15:24:21","modified_gmt":"2024-04-18T13:24:21","slug":"kontakt","status":"publish","type":"page","link":"https:\/\/matii.pl\/index.php\/kontakt\/","title":{"rendered":"Kontakt"},"content":{"rendered":"\t\t<div data-elementor-type=\"wp-post\" data-elementor-id=\"8\" class=\"elementor elementor-8\" data-elementor-post-type=\"page\">\n\t\t\t\t<div class=\"elementor-element elementor-element-722c24e e-flex e-con-boxed e-con e-parent\" data-id=\"722c24e\" data-element_type=\"container\" data-settings=\"{&quot;background_background&quot;:&quot;classic&quot;}\">\n\t\t\t\t\t<div class=\"e-con-inner\">\n\t\t\t\t<div class=\"elementor-element elementor-element-f022dae elementor-widget elementor-widget-text-editor\" data-id=\"f022dae\" data-element_type=\"widget\" data-widget_type=\"text-editor.default\">\n\t\t\t\t<div class=\"elementor-widget-container\">\n\t\t\t\t\t\t\t\t\t<p><span style=\"font-size: 80px;\">Kontakt<\/span><\/p>\t\t\t\t\t\t\t\t<\/div>\n\t\t\t\t<\/div>\n\t\t\t\t\t<\/div>\n\t\t\t\t<\/div>\n\t\t<div class=\"elementor-element elementor-element-a17fe7f e-flex e-con-boxed e-con e-parent\" data-id=\"a17fe7f\" data-element_type=\"container\" data-settings=\"{&quot;background_background&quot;:&quot;classic&quot;}\">\n\t\t\t\t\t<div class=\"e-con-inner\">\n\t\t<div class=\"elementor-element elementor-element-8df354d e-con-full e-flex e-con e-child\" data-id=\"8df354d\" data-element_type=\"container\">\n\t\t\t\t<div class=\"elementor-element elementor-element-6cc147d elementor-widget elementor-widget-heading\" data-id=\"6cc147d\" data-element_type=\"widget\" data-widget_type=\"heading.default\">\n\t\t\t\t<div class=\"elementor-widget-container\">\n\t\t\t\t\t<h2 class=\"elementor-heading-title elementor-size-default\">Adres<\/h2>\t\t\t\t<\/div>\n\t\t\t\t<\/div>\n\t\t\t\t<div class=\"elementor-element elementor-element-25fe117 elementor-widget elementor-widget-text-editor\" data-id=\"25fe117\" data-element_type=\"widget\" data-widget_type=\"text-editor.default\">\n\t\t\t\t<div class=\"elementor-widget-container\">\n\t\t\t\t\t\t\t\t\t<p>Stary Browar<br \/><span class=\"s1\">P\u00f3\u0142wiejska 42<br \/>61-888 Pozna\u0144\u00a0<\/span><\/p>\t\t\t\t\t\t\t\t<\/div>\n\t\t\t\t<\/div>\n\t\t\t\t<div class=\"elementor-element elementor-element-38d1757 elementor-widget elementor-widget-heading\" data-id=\"38d1757\" data-element_type=\"widget\" data-widget_type=\"heading.default\">\n\t\t\t\t<div class=\"elementor-widget-container\">\n\t\t\t\t\t<h2 class=\"elementor-heading-title elementor-size-default\">Telefon<\/h2>\t\t\t\t<\/div>\n\t\t\t\t<\/div>\n\t\t\t\t<div class=\"elementor-element elementor-element-1737891 elementor-widget elementor-widget-text-editor\" data-id=\"1737891\" data-element_type=\"widget\" data-widget_type=\"text-editor.default\">\n\t\t\t\t<div class=\"elementor-widget-container\">\n\t\t\t\t\t\t\t\t\t<p>888 999 777<\/p>\t\t\t\t\t\t\t\t<\/div>\n\t\t\t\t<\/div>\n\t\t\t\t<div class=\"elementor-element elementor-element-3fe5dcd elementor-widget elementor-widget-heading\" data-id=\"3fe5dcd\" data-element_type=\"widget\" data-widget_type=\"heading.default\">\n\t\t\t\t<div class=\"elementor-widget-container\">\n\t\t\t\t\t<h2 class=\"elementor-heading-title elementor-size-default\">E-mail<\/h2>\t\t\t\t<\/div>\n\t\t\t\t<\/div>\n\t\t\t\t<div class=\"elementor-element elementor-element-97feee8 elementor-widget elementor-widget-text-editor\" data-id=\"97feee8\" data-element_type=\"widget\" data-widget_type=\"text-editor.default\">\n\t\t\t\t<div class=\"elementor-widget-container\">\n\t\t\t\t\t\t\t\t\t<p>rezerwacja@matii.pl<\/p>\t\t\t\t\t\t\t\t<\/div>\n\t\t\t\t<\/div>\n\t\t\t\t<\/div>\n\t\t<div class=\"elementor-element elementor-element-6276509 e-con-full e-flex e-con e-child\" data-id=\"6276509\" data-element_type=\"container\">\n\t\t\t\t<div class=\"elementor-element elementor-element-977e98e elementor-widget elementor-widget-heading\" data-id=\"977e98e\" data-element_type=\"widget\" data-widget_type=\"heading.default\">\n\t\t\t\t<div class=\"elementor-widget-container\">\n\t\t\t\t\t<h2 class=\"elementor-heading-title elementor-size-default\">Godziny Otwarcia<\/h2>\t\t\t\t<\/div>\n\t\t\t\t<\/div>\n\t\t\t\t<div class=\"elementor-element elementor-element-238c1d2 elementor-widget elementor-widget-text-editor\" data-id=\"238c1d2\" data-element_type=\"widget\" data-widget_type=\"text-editor.default\">\n\t\t\t\t<div class=\"elementor-widget-container\">\n\t\t\t\t\t\t\t\t\t<p>Poniedzia\u0142ek 12:00 &#8211; 23:00<br \/>Wtorek 12:00 &#8211; 23:00<br \/>\u015aroda 12:00 &#8211; 23:00<br \/>Czwartek 12:00 &#8211; 23:00<br \/><span class=\"s1\">Pi\u0105tek 12:00 &#8211; 00:00<br \/>Sobota 12:00 &#8211; 00:00<br \/>Niedziela 12:00 &#8211; 22:00\u00a0<\/span><\/p>\t\t\t\t\t\t\t\t<\/div>\n\t\t\t\t<\/div>\n\t\t\t\t<\/div>\n\t\t\t\t\t<\/div>\n\t\t\t\t<\/div>\n\t\t<div class=\"elementor-element elementor-element-54287c1 e-flex e-con-boxed e-con e-parent\" data-id=\"54287c1\" data-element_type=\"container\">\n\t\t\t\t\t<div class=\"e-con-inner\">\n\t\t\t\t<div class=\"elementor-element elementor-element-26b1b99 elementor-widget elementor-widget-text-editor\" data-id=\"26b1b99\" data-element_type=\"widget\" data-widget_type=\"text-editor.default\">\n\t\t\t\t<div class=\"elementor-widget-container\">\n\t\t\t\t\t\t\t\t\t<span>Zasady Dowoz\u00f3w<\/span>\t\t\t\t\t\t\t\t<\/div>\n\t\t\t\t<\/div>\n\t\t\t\t<div class=\"elementor-element elementor-element-9a0c013 elementor-widget elementor-widget-text-editor\" data-id=\"9a0c013\" data-element_type=\"widget\" data-widget_type=\"text-editor.default\">\n\t\t\t\t<div class=\"elementor-widget-container\">\n\t\t\t\t\t\t\t\t\t<p>Dla zam\u00f3wie\u0144 o wartos\u0301ci powyz\u0307ej 100z\u0142, koszt dowozu na terenie Poznania wynosi 8z\u0142. Dla zamo\u0301wien\u0301 poniz\u0307ej tej kwoty, koszt dowozu wynosi 6z\u0142 za kaz\u0307dy rozpocze\u0328ty kilometr licza\u0328c w jedna\u0328 strone\u0328 (minimum 8z\u0142). W przypadku kiedy miejsce dowozu znajduje sie\u0328 poza Poznaniem, koszt dowozu wynosi 16z\u0142 (maksymalny zasie\u0328g w tej cenie wynosi 13km, licza\u0328c od restauracji.) Zamo\u0301wienia przekraczaja\u0328ce 13km sa\u0328 naliczane indywidualnie, zach\u0119camy do kontaktu w tej sprawie z restauracj\u0105.<\/p><p>Aktualnie koszt dowozu podany na stronie jest kosztem minimalnym dla danej odleg\u0142o\u015bci. W przypadku gdy koszt b\u0119dzie wi\u0119kszy restauracja skontaktuje si\u0119 z Pa\u0144stwem. R\u00f3\u017cnic\u0119 b\u0119dzie mo\u017cna uregulowa\u0107 blikiem lub bezpo\u015brednio u kierowcy.<\/p>\t\t\t\t\t\t\t\t<\/div>\n\t\t\t\t<\/div>\n\t\t\t\t\t<\/div>\n\t\t\t\t<\/div>\n\t\t\t\t<\/div>\n\t\t","protected":false},"excerpt":{"rendered":"<p>Kontakt Adres Stary BrowarP\u00f3\u0142wiejska 4261-888 Pozna\u0144\u00a0 Telefon 888 999 777 E-mail rezerwacja@matii.pl Godziny Otwarcia Poniedzia\u0142ek 12:00 &#8211; 23:00Wtorek 12:00 &#8211; 23:00\u015aroda 12:00 &#8211; 23:00Czwartek 12:00 &#8211; 23:00Pi\u0105tek 12:00 &#8211; 00:00Sobota 12:00 &#8211; 00:00Niedziela 12:00 &#8211; 22:00\u00a0 Zasady Dowoz\u00f3w Dla zam\u00f3wie\u0144 o wartos\u0301ci powyz\u0307ej 100z\u0142, koszt dowozu na terenie Poznania wynosi 8z\u0142. Dla zamo\u0301wien\u0301 poniz\u0307ej tej [&hellip;]<\/p>\n","protected":false},"author":2,"featured_media":0,"parent":0,"menu_order":0,"comment_status":"closed","ping_status":"closed","template":"","meta":{"footnotes":""},"class_list":["post-8","page","type-page","status-publish","hentry"],"_links":{"self":[{"href":"https:\/\/matii.pl\/index.php\/wp-json\/wp\/v2\/pages\/8","targetHints":{"allow":["GET"]}}],"collection":[{"href":"https:\/\/matii.pl\/index.php\/wp-json\/wp\/v2\/pages"}],"about":[{"href":"https:\/\/matii.pl\/index.php\/wp-json\/wp\/v2\/types\/page"}],"author":[{"embeddable":true,"href":"https:\/\/matii.pl\/index.php\/wp-json\/wp\/v2\/users\/2"}],"replies":[{"embeddable":true,"href":"https:\/\/matii.pl\/index.php\/wp-json\/wp\/v2\/comments?post=8"}],"version-history":[{"count":38,"href":"https:\/\/matii.pl\/index.php\/wp-json\/wp\/v2\/pages\/8\/revisions"}],"predecessor-version":[{"id":138,"href":"https:\/\/matii.pl\/index.php\/wp-json\/wp\/v2\/pages\/8\/revisions\/138"}],"wp:attachment":[{"href":"https:\/\/matii.pl\/index.php\/wp-json\/wp\/v2\/media?parent=8"}],"curies":[{"name":"wp","href":"https:\/\/api.w.org\/{rel}","templated":true}]}}